{"id":2269,"date":"2022-07-23T14:56:00","date_gmt":"2022-07-23T12:56:00","guid":{"rendered":"https:\/\/dav-portugal.net\/?page_id=2269"},"modified":"2022-07-23T14:57:45","modified_gmt":"2022-07-23T12:57:45","slug":"servico","status":"publish","type":"page","link":"https:\/\/dav-portugal.net\/pt-pt\/servico\/","title":{"rendered":"Servi\u00e7o"},"content":{"rendered":"<div id=\"service\" class=\"fusion-container-anchor\"><div class=\"fusion-fullwidth fullwidth-box fusion-builder-row-1 fusion-flex-container fusion-parallax-fixed nonhundred-percent-fullwidth non-hundred-percent-height-scrolling lazyload\" style=\"--awb-background-position:left top;--awb-border-sizes-top:0px;--awb-border-sizes-bottom:0px;--awb-border-sizes-left:0px;--awb-border-sizes-right:0px;--awb-border-radius-top-left:0px;--awb-border-radius-top-right:0px;--awb-border-radius-bottom-right:0px;--awb-border-radius-bottom-left:0px;--awb-padding-top:100px;--awb-padding-bottom:100px;--awb-padding-bottom-medium:72px;--awb-background-color:var(--awb-color6);--awb-background-size:cover;--awb-flex-wrap:wrap;background-attachment:fixed;\" data-bg=\"https:\/\/dav-portugal.net\/wp-content\/uploads\/2022\/05\/1800x1200_HG_17.jpg\" ><div class=\"fusion-builder-row fusion-row fusion-flex-align-items-flex-start fusion-flex-content-wrap\" style=\"max-width:1216.8px;margin-left: calc(-4% \/ 2 );margin-right: calc(-4% \/ 2 );\"><div class=\"fusion-layout-column fusion_builder_column fusion-builder-column-0 fusion_builder_column_2_3 2_3 fusion-flex-column\" style=\"--awb-bg-blend:overlay;--awb-bg-size:cover;--awb-width-large:66.666666666667%;--awb-margin-top-large:0px;--awb-spacing-right-large:3.84%;--awb-margin-bottom-large:20px;--awb-spacing-left-large:2.88%;--awb-width-medium:100%;--awb-spacing-right-medium:1.92%;--awb-spacing-left-medium:1.92%;--awb-width-small:100%;--awb-spacing-right-small:1.92%;--awb-spacing-left-small:1.92%;\"><div class=\"fusion-column-wrapper fusion-flex-justify-content-flex-start fusion-content-layout-column\"><div class=\"fusion-title title fusion-title-1 fusion-title-text fusion-title-size-one\" style=\"--awb-text-color:var(--awb-color5);--awb-margin-bottom:30px;\"><div class=\"title-sep-container title-sep-container-left fusion-no-large-visibility fusion-no-medium-visibility fusion-no-small-visibility\"><div class=\"title-sep sep- sep-solid\" style=\"border-color:var(--awb-color3);\"><\/div><\/div><span class=\"awb-title-spacer fusion-no-large-visibility fusion-no-medium-visibility fusion-no-small-visibility\"><\/span><h1 class=\"fusion-title-heading title-heading-left fusion-responsive-typography-calculated\" style=\"margin:0;--fontSize:46;line-height:var(--awb-typography1-line-height);\">Servi\u00e7o<\/h1><span class=\"awb-title-spacer\"><\/span><div class=\"title-sep-container title-sep-container-right\"><div class=\"title-sep sep- sep-solid\" style=\"border-color:var(--awb-color3);\"><\/div><\/div><\/div><div class=\"fusion-separator fusion-full-width-sep\" style=\"align-self: center;margin-left: auto;margin-right: auto;margin-top:10px;margin-bottom:45px;width:100%;\"><div class=\"fusion-separator-border sep-single sep-solid\" style=\"--awb-height:20px;--awb-amount:20px;--awb-sep-color:hsla(var(--awb-color6-h),var(--awb-color6-s),calc( var(--awb-color6-l) + 80% ),calc( var(--awb-color6-a) - 30% ));border-color:hsla(var(--awb-color6-h),var(--awb-color6-s),calc( var(--awb-color6-l) + 80% ),calc( var(--awb-color6-a) - 30% ));border-top-width:1px;\"><\/div><\/div><div class=\"fusion-builder-row fusion-builder-row-inner fusion-row fusion-flex-align-items-flex-start fusion-flex-content-wrap\" style=\"width:104% !important;max-width:104% !important;margin-left: calc(-4% \/ 2 );margin-right: calc(-4% \/ 2 );\"><div class=\"fusion-layout-column fusion_builder_column_inner fusion-builder-nested-column-0 fusion_builder_column_inner_3_4 3_4 fusion-flex-column\" style=\"--awb-padding-left:20px;--awb-bg-size:cover;--awb-width-large:75%;--awb-margin-top-large:0px;--awb-spacing-right-large:2.56%;--awb-margin-bottom-large:20px;--awb-spacing-left-large:2.56%;--awb-width-medium:80%;--awb-order-medium:0;--awb-spacing-right-medium:2.4%;--awb-spacing-left-medium:2.4%;--awb-width-small:100%;--awb-order-small:0;--awb-spacing-right-small:1.92%;--awb-spacing-left-small:1.92%;\"><div class=\"fusion-column-wrapper fusion-column-has-shadow fusion-flex-justify-content-flex-start fusion-content-layout-column\"><div class=\"fusion-text fusion-text-1\" style=\"--awb-text-transform:none;--awb-text-color:var(--awb-color5);\"><p>Encontre o advogado certo para si<\/p>\n<\/div><div style=\"text-align:left;\"><a class=\"fusion-button button-flat button-xlarge button-custom fusion-button-default button-1 fusion-button-span-yes \" style=\"--button_accent_color:var(--awb-color5);--button_border_color:var(--awb-color1);--button_accent_hover_color:var(--awb-color2);--button_border_hover_color:var(--awb-color2);--button_border_width-top:1px;--button_border_width-right:1px;--button_border_width-bottom:1px;--button_border_width-left:1px;--button_gradient_top_color:rgba(246,246,246,0);--button_gradient_bottom_color:rgba(246,246,246,0);--button_gradient_top_color_hover:rgba(224,222,222,0);--button_gradient_bottom_color_hover:rgba(224,222,222,0);\" target=\"_blank\" rel=\"noopener noreferrer\" href=\"https:\/\/dav-portugal.net\/pt-pt\/pesquisa-de-advogados\/\"><span class=\"fusion-button-text awb-button__text awb-button__text--default\">Pesquisa de advogados<\/span><\/a><\/div><div class=\"fusion-separator fusion-full-width-sep\" style=\"align-self: center;margin-left: auto;margin-right: auto;margin-top:15px;margin-bottom:15px;width:100%;\"><\/div><div class=\"fusion-text fusion-text-2\" style=\"--awb-text-transform:none;--awb-text-color:var(--awb-color5);\"><p>Redes, troca de experi\u00eancias e representa\u00e7\u00e3o de interesses<\/p>\n<\/div><div style=\"text-align:left;\"><a class=\"fusion-button button-flat button-xlarge button-custom fusion-button-default button-2 fusion-button-span-yes \" style=\"--button_accent_color:var(--awb-color5);--button_border_color:var(--awb-color1);--button_accent_hover_color:var(--awb-color2);--button_border_hover_color:var(--awb-color2);--button_border_width-top:1px;--button_border_width-right:1px;--button_border_width-bottom:1px;--button_border_width-left:1px;--button_gradient_top_color:rgba(246,246,246,0);--button_gradient_bottom_color:rgba(246,246,246,0);--button_gradient_top_color_hover:rgba(224,222,222,0);--button_gradient_bottom_color_hover:rgba(224,222,222,0);\" target=\"_blank\" rel=\"noopener noreferrer\" href=\"https:\/\/anwaltverein.de\/de\/mitgliedschaft\/auslandsvereine\"><span class=\"fusion-button-text awb-button__text awb-button__text--default\">Rede<\/span><\/a><\/div><div class=\"fusion-separator fusion-full-width-sep\" style=\"align-self: center;margin-left: auto;margin-right: auto;margin-top:15px;margin-bottom:15px;width:100%;\"><\/div><div class=\"fusion-text fusion-text-3\" style=\"--awb-text-transform:none;--awb-text-color:var(--awb-color5);\"><p>Estatutos e Regras de Contribui\u00e7\u00e3o<\/p>\n<\/div><div style=\"text-align:left;\"><a class=\"fusion-button button-flat button-xlarge button-custom fusion-button-default button-3 fusion-button-span-yes \" style=\"--button_accent_color:var(--awb-color5);--button_border_color:var(--awb-color1);--button_accent_hover_color:var(--awb-color2);--button_border_hover_color:var(--awb-color2);--button_border_width-top:1px;--button_border_width-right:1px;--button_border_width-bottom:1px;--button_border_width-left:1px;--button_gradient_top_color:rgba(246,246,246,0);--button_gradient_bottom_color:rgba(246,246,246,0);--button_gradient_top_color_hover:rgba(224,222,222,0);--button_gradient_bottom_color_hover:rgba(224,222,222,0);\" target=\"_blank\" rel=\"noopener noreferrer\" href=\"https:\/\/dav-portugal.net\/wp-content\/uploads\/2022\/06\/satzungdavportugaldeutschfinal-1.pdf\"><span class=\"fusion-button-text awb-button__text awb-button__text--default\">Estatutos<\/span><\/a><\/div><div style=\"text-align:center;\"><a class=\"fusion-button button-flat button-xlarge button-custom fusion-button-default button-4 fusion-button-span-yes \" style=\"--button_accent_color:var(--awb-color5);--button_border_color:var(--awb-color1);--button_accent_hover_color:var(--awb-color2);--button_border_hover_color:var(--awb-color2);--button_border_width-top:1px;--button_border_width-right:1px;--button_border_width-bottom:1px;--button_border_width-left:1px;--button_gradient_top_color:rgba(246,246,246,0);--button_gradient_bottom_color:rgba(246,246,246,0);--button_gradient_top_color_hover:rgba(224,222,222,0);--button_gradient_bottom_color_hover:rgba(224,222,222,0);--button_margin-top:20px;\" target=\"_blank\" rel=\"noopener noreferrer\" href=\"https:\/\/dav-portugal.net\/wp-content\/uploads\/2022\/06\/beitragsordnungdavportugal_06_05_09_dt.pdf\"><span class=\"fusion-button-text awb-button__text awb-button__text--default\">Regras de contribui\u00e7\u00e3o<\/span><\/a><\/div><\/div><\/div><div class=\"fusion-layout-column fusion_builder_column_inner fusion-builder-nested-column-1 fusion_builder_column_inner_1_4 1_4 fusion-flex-column\" style=\"--awb-bg-size:cover;--awb-width-large:25%;--awb-margin-top-large:0px;--awb-spacing-right-large:7.68%;--awb-margin-bottom-large:20px;--awb-spacing-left-large:7.68%;--awb-width-medium:20%;--awb-order-medium:0;--awb-spacing-right-medium:9.6%;--awb-spacing-left-medium:9.6%;--awb-width-small:33.333333333333%;--awb-order-small:0;--awb-spacing-right-small:5.76%;--awb-spacing-left-small:5.76%;\"><div class=\"fusion-column-wrapper fusion-column-has-shadow fusion-flex-justify-content-flex-start fusion-content-layout-column\"><\/div><\/div><\/div><div class=\"fusion-separator fusion-full-width-sep\" style=\"align-self: center;margin-left: auto;margin-right: auto;margin-top:15px;margin-bottom:15px;width:100%;\"><\/div><div class=\"fusion-separator fusion-full-width-sep\" style=\"align-self: center;margin-left: auto;margin-right: auto;margin-top:15px;margin-bottom:15px;width:100%;\"><\/div><\/div><\/div><\/div><\/div><\/div>\n","protected":false},"excerpt":{"rendered":"","protected":false},"author":3,"featured_media":0,"parent":0,"menu_order":0,"comment_status":"closed","ping_status":"closed","template":"100-width.php","meta":{"footnotes":""},"class_list":["post-2269","page","type-page","status-publish","hentry"],"_links":{"self":[{"href":"https:\/\/dav-portugal.net\/pt-pt\/wp-json\/wp\/v2\/pages\/2269","targetHints":{"allow":["GET"]}}],"collection":[{"href":"https:\/\/dav-portugal.net\/pt-pt\/wp-json\/wp\/v2\/pages"}],"about":[{"href":"https:\/\/dav-portugal.net\/pt-pt\/wp-json\/wp\/v2\/types\/page"}],"author":[{"embeddable":true,"href":"https:\/\/dav-portugal.net\/pt-pt\/wp-json\/wp\/v2\/users\/3"}],"replies":[{"embeddable":true,"href":"https:\/\/dav-portugal.net\/pt-pt\/wp-json\/wp\/v2\/comments?post=2269"}],"version-history":[{"count":8,"href":"https:\/\/dav-portugal.net\/pt-pt\/wp-json\/wp\/v2\/pages\/2269\/revisions"}],"predecessor-version":[{"id":2278,"href":"https:\/\/dav-portugal.net\/pt-pt\/wp-json\/wp\/v2\/pages\/2269\/revisions\/2278"}],"wp:attachment":[{"href":"https:\/\/dav-portugal.net\/pt-pt\/wp-json\/wp\/v2\/media?parent=2269"}],"curies":[{"name":"wp","href":"https:\/\/api.w.org\/{rel}","templated":true}]}}